{"id":27584912,"date":"2025-08-07T11:50:28","date_gmt":"2025-08-07T11:50:28","guid":{"rendered":"https:\/\/www.bioethanolfrance.fr\/legal-notice\/"},"modified":"2025-11-21T12:57:26","modified_gmt":"2025-11-21T12:57:26","slug":"legal-notice","status":"publish","type":"page","link":"https:\/\/bioetha.openetic.com\/en\/legal-notice\/","title":{"rendered":"Legal Notice"},"content":{"rendered":"<p>[et_pb_section fb_built=&#8221;1&#8243; admin_label=&#8221;Header&#8221; _builder_version=&#8221;4.27.4&#8243; _module_preset=&#8221;default&#8221; background_color=&#8221;#00e88c&#8221; background_enable_image=&#8221;off&#8221; parallax=&#8221;on&#8221; width=&#8221;100%&#8221; module_alignment=&#8221;center&#8221; min_height_tablet=&#8221;&#8221; min_height_phone=&#8221;&#8221; min_height_last_edited=&#8221;on|desktop&#8221; max_height=&#8221;150px&#8221; max_height_tablet=&#8221;150px&#8221; max_height_phone=&#8221;150px&#8221; max_height_last_edited=&#8221;on|phone&#8221; custom_margin=&#8221;||||false|false&#8221; custom_padding=&#8221;15px||||false|false&#8221; custom_css_main_element=&#8221;display: flex;&#8221; border_radii=&#8221;on|0px|0px|0px|0px&#8221; collapsed=&#8221;off&#8221; global_colors_info=&#8221;{}&#8221;][et_pb_row _builder_version=&#8221;4.27.4&#8243; _module_preset=&#8221;default&#8221; custom_margin=&#8221;||||false|false&#8221; global_colors_info=&#8221;{}&#8221;][et_pb_column type=&#8221;4_4&#8243; _builder_version=&#8221;4.22.0&#8243; _module_preset=&#8221;default&#8221; global_colors_info=&#8221;{}&#8221;][et_pb_text module_class=&#8221;highlight-title&#8221; _builder_version=&#8221;4.27.4&#8243; _module_preset=&#8221;default&#8221; header_font=&#8221;&#8211;et_global_heading_font|700|||||||&#8221; header_text_color=&#8221;#003A7A&#8221; custom_margin=&#8221;||||false|false&#8221; custom_padding=&#8221;||||false|false&#8221; global_colors_info=&#8221;{}&#8221;]<\/p>\n<h1>Legal Notice<br \/><\/h1>\n<p>[\/et_pb_text][\/et_pb_column][\/et_pb_row][\/et_pb_section][et_pb_section fb_built=&#8221;1&#8243; admin_label=&#8221;About&#8221; _builder_version=&#8221;4.27.4&#8243; _module_preset=&#8221;default&#8221; collapsed=&#8221;off&#8221; global_colors_info=&#8221;{}&#8221;][et_pb_row column_structure=&#8221;3_5,2_5&#8243; _builder_version=&#8221;4.27.4&#8243; _module_preset=&#8221;default&#8221; custom_css_main_element=&#8221;display:flex;||flex-wrap:wrap;&#8221; global_colors_info=&#8221;{}&#8221;][et_pb_column type=&#8221;3_5&#8243; _builder_version=&#8221;4.27.4&#8243; _module_preset=&#8221;default&#8221; global_colors_info=&#8221;{}&#8221; custom_css_main_element_last_edited=&#8221;on|phone&#8221; custom_css_main_element_phone=&#8221;order: 2&#8243;][et_pb_text admin_label=&#8221;Description&#8221; _builder_version=&#8221;4.27.4&#8243; _module_preset=&#8221;default&#8221; text_font=&#8221;|&#8211;et_global_body_font_weight|||||||&#8221; text_text_color=&#8221;#474747&#8243; header_font=&#8221;|700|||||||&#8221; header_2_font=&#8221;|700|||||||&#8221; header_2_font_size=&#8221;32px&#8221; header_4_text_color=&#8221;#003A7A&#8221; custom_padding=&#8221;||||false|false&#8221; hover_enabled=&#8221;0&#8243; text_letter_spacing_tablet=&#8221;&#8221; text_letter_spacing_phone=&#8221;&#8221; text_letter_spacing_last_edited=&#8221;on|desktop&#8221; custom_css_main_element=&#8221;order: 2&#8243; global_colors_info=&#8221;{}&#8221; sticky_enabled=&#8221;0&#8243;]<\/p>\n<h4>Intellectual property rights relating to the website<br \/><\/h4>\n<p>The structure of the website www.bioethanolfrance.fr, as well as all texts, images, videos, audio elements, and logos that compose it, are the exclusive property of Bioethanol France, or have been the subject of a rights transfer or an authorization of use granted by their respective authors.<\/p>\n<p>Some of the images featured on the website also come from image banks or are provided by partners, for which Bioethanol France holds a usage right.<\/p>\n<p>Any reproduction, adaptation, translation and\/or transformation, whether partial or complete, as well as any transfer to another website, are strictly prohibited unless prior written authorization has been granted by Bioethanol France.<\/p>\n<p>Bioethanol France may, on an exceptional basis, authorize the reproduction of a portion of the website\u2014without alteration and in a single copy\u2014for strictly private use.<br \/> Any use that has not been expressly authorized constitutes an infringement that may incur the liability of its author, in accordance with French and international intellectual property laws.<\/p>\n<h4>Personal data<br \/><\/h4>\n<p>In accordance with amended Law No. 78-17 of 6 January 1978 on information technology, files and civil liberties, as well as the General Data Protection Regulation (GDPR), every user has the right to access, rectify, and delete their personal data.<\/p>\n<p>These rights may be exercised upon simple written request addressed to:<br \/>Bioethanol France<br \/>25 Place de la Madeleine, 75008 Paris<br \/>or by email: contact@bioethanolfrance.fr<\/p>\n<p>The data collected through the forms are stored in a computerized file for user relationship management and for sending information or newsletters, and are kept for a period of 3 years.<br \/> They are intended for Bioethanol France\u2019s marketing and sales departments and, where applicable, for its partners.<\/p>\n<h4>Liability<\/h4>\n<p>Bioethanol France strives to ensure the accuracy and timely updating of the information published on its website www.bioethanolfrance.fr, but cannot guarantee its completeness or accuracy at all times. The use of the content published on this website is the sole responsibility of the user.<\/p>\n<p>The website may contain links to third-party sites.<br \/> Bioethanol France cannot be held responsible for the content or services offered on these sites, nor for any damages that may result from their use.<\/p>\n<p>[\/et_pb_text][\/et_pb_column][et_pb_column type=&#8221;2_5&#8243; _builder_version=&#8221;4.27.4&#8243; _module_preset=&#8221;default&#8221; global_colors_info=&#8221;{}&#8221; custom_css_main_element_last_edited=&#8221;on|phone&#8221; custom_css_main_element_phone=&#8221;order: 1&#8243;][et_pb_text admin_label=&#8221;Description&#8221; _builder_version=&#8221;4.27.4&#8243; _module_preset=&#8221;default&#8221; text_font=&#8221;|&#8211;et_global_body_font_weight|||||||&#8221; text_text_color=&#8221;#474747&#8243; header_font=&#8221;|700|||||||&#8221; header_2_font=&#8221;|700|||||||&#8221; header_2_font_size=&#8221;32px&#8221; header_4_text_color=&#8221;#003A7A&#8221; background_color=&#8221;#00E88C&#8221; custom_margin=&#8221;||||false|false&#8221; custom_margin_tablet=&#8221;||||false|false&#8221; custom_margin_phone=&#8221;||30px||false|false&#8221; custom_margin_last_edited=&#8221;on|phone&#8221; custom_padding=&#8221;30px|30px|30px|30px|false|false&#8221; hover_enabled=&#8221;0&#8243; text_letter_spacing_tablet=&#8221;&#8221; text_letter_spacing_phone=&#8221;&#8221; text_letter_spacing_last_edited=&#8221;on|desktop&#8221; custom_css_main_element=&#8221;order: 1&#8243; border_radii=&#8221;on|20px|20px|20px|20px&#8221; global_colors_info=&#8221;{}&#8221; sticky_enabled=&#8221;0&#8243;]<\/p>\n<p><strong>Editorial Manager : Bioethanol France<br \/>Registered office :<\/strong> 25 place de la Madeleine 75008 Paris<br \/><strong>Telephone :<\/strong> (+33) 01 49 52 66 97<br \/><strong>Email :<\/strong> <a href=\"https:\/\/bioetha.openetic.com\/en\/contact-bioethanol-france\/\">Contact form<\/a><br \/><strong>Hosting provider :<\/strong> SAS OVH 2 rue Kellermann 59100 Roubaix<br \/><strong>Website developed by :<\/strong> <a href=\"https:\/\/etic-communication.com\/\" target=\"_blank\" rel=\"noopener\">Agence ETIC<\/a><\/p>\n<p>[\/et_pb_text][\/et_pb_column][\/et_pb_row][\/et_pb_section]<\/p>\n","protected":false},"excerpt":{"rendered":"<p>Legal NoticeIntellectual property rights relating to the website The structure of the website www.bioethanolfrance.fr, as well as all texts, images, videos, audio elements, and logos that compose it, are the exclusive property of Bioethanol France, or have been the subject of a rights transfer or an authorization of use granted by their respective authors. Some [&hellip;]<\/p>\n","protected":false},"author":1,"featured_media":0,"parent":0,"menu_order":0,"comment_status":"closed","ping_status":"closed","template":"","meta":{"_acf_changed":false,"_et_pb_use_builder":"on","_et_pb_old_content":"","_et_gb_content_width":"","footnotes":""},"class_list":["post-27584912","page","type-page","status-publish","hentry"],"acf":[],"yoast_head":"<!-- This site is optimized with the Yoast SEO plugin v25.8 - https:\/\/yoast.com\/wordpress\/plugins\/seo\/ -->\n<title>Legal Notice - Bio\u00e9thanol France<\/title>\n<meta name=\"robots\" content=\"index, follow, max-snippet:-1, max-image-preview:large, max-video-preview:-1\" \/>\n<link rel=\"canonical\" href=\"https:\/\/bioetha.openetic.com\/en\/legal-notice\/\" \/>\n<meta property=\"og:locale\" content=\"en_US\" \/>\n<meta property=\"og:type\" content=\"article\" \/>\n<meta property=\"og:title\" content=\"Legal Notice - Bio\u00e9thanol France\" \/>\n<meta property=\"og:description\" content=\"Legal NoticeIntellectual property rights relating to the website The structure of the website www.bioethanolfrance.fr, as well as all texts, images, videos, audio elements, and logos that compose it, are the exclusive property of Bioethanol France, or have been the subject of a rights transfer or an authorization of use granted by their respective authors. Some [&hellip;]\" \/>\n<meta property=\"og:url\" content=\"https:\/\/bioetha.openetic.com\/en\/legal-notice\/\" \/>\n<meta property=\"og:site_name\" content=\"Bio\u00e9thanol France\" \/>\n<meta property=\"article:modified_time\" content=\"2025-11-21T12:57:26+00:00\" \/>\n<meta name=\"twitter:card\" content=\"summary_large_image\" \/>\n<meta name=\"twitter:label1\" content=\"Est. reading time\" \/>\n\t<meta name=\"twitter:data1\" content=\"4 minutes\" \/>\n<script type=\"application\/ld+json\" class=\"yoast-schema-graph\">{\"@context\":\"https:\/\/schema.org\",\"@graph\":[{\"@type\":\"WebPage\",\"@id\":\"https:\/\/bioetha.openetic.com\/en\/legal-notice\/\",\"url\":\"https:\/\/bioetha.openetic.com\/en\/legal-notice\/\",\"name\":\"Legal Notice - Bio\u00e9thanol France\",\"isPartOf\":{\"@id\":\"https:\/\/bioetha.openetic.com\/en\/#website\"},\"datePublished\":\"2025-08-07T11:50:28+00:00\",\"dateModified\":\"2025-11-21T12:57:26+00:00\",\"breadcrumb\":{\"@id\":\"https:\/\/bioetha.openetic.com\/en\/legal-notice\/#breadcrumb\"},\"inLanguage\":\"en-US\",\"potentialAction\":[{\"@type\":\"ReadAction\",\"target\":[\"https:\/\/bioetha.openetic.com\/en\/legal-notice\/\"]}]},{\"@type\":\"BreadcrumbList\",\"@id\":\"https:\/\/bioetha.openetic.com\/en\/legal-notice\/#breadcrumb\",\"itemListElement\":[{\"@type\":\"ListItem\",\"position\":1,\"name\":\"Accueil\",\"item\":\"https:\/\/bioetha.openetic.com\/en\/\"},{\"@type\":\"ListItem\",\"position\":2,\"name\":\"Legal Notice\"}]},{\"@type\":\"WebSite\",\"@id\":\"https:\/\/bioetha.openetic.com\/en\/#website\",\"url\":\"https:\/\/bioetha.openetic.com\/en\/\",\"name\":\"Bio\u00e9thanol France\",\"description\":\"Activer les synergies du v\u00e9g\u00e9tal\",\"publisher\":{\"@id\":\"https:\/\/bioetha.openetic.com\/en\/#organization\"},\"potentialAction\":[{\"@type\":\"SearchAction\",\"target\":{\"@type\":\"EntryPoint\",\"urlTemplate\":\"https:\/\/bioetha.openetic.com\/en\/?s={search_term_string}\"},\"query-input\":{\"@type\":\"PropertyValueSpecification\",\"valueRequired\":true,\"valueName\":\"search_term_string\"}}],\"inLanguage\":\"en-US\"},{\"@type\":\"Organization\",\"@id\":\"https:\/\/bioetha.openetic.com\/en\/#organization\",\"name\":\"Bio\u00e9thanol France\",\"url\":\"https:\/\/bioetha.openetic.com\/en\/\",\"logo\":{\"@type\":\"ImageObject\",\"inLanguage\":\"en-US\",\"@id\":\"https:\/\/bioetha.openetic.com\/en\/#\/schema\/logo\/image\/\",\"url\":\"https:\/\/www.bioethanolfrance.fr\/wp-content\/uploads\/2024\/11\/Logo-Bioethanol-France-1.svg\",\"contentUrl\":\"https:\/\/www.bioethanolfrance.fr\/wp-content\/uploads\/2024\/11\/Logo-Bioethanol-France-1.svg\",\"width\":\"1024\",\"height\":\"1024\",\"caption\":\"Bio\u00e9thanol France\"},\"image\":{\"@id\":\"https:\/\/bioetha.openetic.com\/en\/#\/schema\/logo\/image\/\"}}]}<\/script>\n<!-- \/ Yoast SEO plugin. -->","yoast_head_json":{"title":"Legal Notice - Bio\u00e9thanol France","robots":{"index":"index","follow":"follow","max-snippet":"max-snippet:-1","max-image-preview":"max-image-preview:large","max-video-preview":"max-video-preview:-1"},"canonical":"https:\/\/bioetha.openetic.com\/en\/legal-notice\/","og_locale":"en_US","og_type":"article","og_title":"Legal Notice - Bio\u00e9thanol France","og_description":"Legal NoticeIntellectual property rights relating to the website The structure of the website www.bioethanolfrance.fr, as well as all texts, images, videos, audio elements, and logos that compose it, are the exclusive property of Bioethanol France, or have been the subject of a rights transfer or an authorization of use granted by their respective authors. Some [&hellip;]","og_url":"https:\/\/bioetha.openetic.com\/en\/legal-notice\/","og_site_name":"Bio\u00e9thanol France","article_modified_time":"2025-11-21T12:57:26+00:00","twitter_card":"summary_large_image","twitter_misc":{"Est. reading time":"4 minutes"},"schema":{"@context":"https:\/\/schema.org","@graph":[{"@type":"WebPage","@id":"https:\/\/bioetha.openetic.com\/en\/legal-notice\/","url":"https:\/\/bioetha.openetic.com\/en\/legal-notice\/","name":"Legal Notice - Bio\u00e9thanol France","isPartOf":{"@id":"https:\/\/bioetha.openetic.com\/en\/#website"},"datePublished":"2025-08-07T11:50:28+00:00","dateModified":"2025-11-21T12:57:26+00:00","breadcrumb":{"@id":"https:\/\/bioetha.openetic.com\/en\/legal-notice\/#breadcrumb"},"inLanguage":"en-US","potentialAction":[{"@type":"ReadAction","target":["https:\/\/bioetha.openetic.com\/en\/legal-notice\/"]}]},{"@type":"BreadcrumbList","@id":"https:\/\/bioetha.openetic.com\/en\/legal-notice\/#breadcrumb","itemListElement":[{"@type":"ListItem","position":1,"name":"Accueil","item":"https:\/\/bioetha.openetic.com\/en\/"},{"@type":"ListItem","position":2,"name":"Legal Notice"}]},{"@type":"WebSite","@id":"https:\/\/bioetha.openetic.com\/en\/#website","url":"https:\/\/bioetha.openetic.com\/en\/","name":"Bio\u00e9thanol France","description":"Activer les synergies du v\u00e9g\u00e9tal","publisher":{"@id":"https:\/\/bioetha.openetic.com\/en\/#organization"},"potentialAction":[{"@type":"SearchAction","target":{"@type":"EntryPoint","urlTemplate":"https:\/\/bioetha.openetic.com\/en\/?s={search_term_string}"},"query-input":{"@type":"PropertyValueSpecification","valueRequired":true,"valueName":"search_term_string"}}],"inLanguage":"en-US"},{"@type":"Organization","@id":"https:\/\/bioetha.openetic.com\/en\/#organization","name":"Bio\u00e9thanol France","url":"https:\/\/bioetha.openetic.com\/en\/","logo":{"@type":"ImageObject","inLanguage":"en-US","@id":"https:\/\/bioetha.openetic.com\/en\/#\/schema\/logo\/image\/","url":"https:\/\/www.bioethanolfrance.fr\/wp-content\/uploads\/2024\/11\/Logo-Bioethanol-France-1.svg","contentUrl":"https:\/\/www.bioethanolfrance.fr\/wp-content\/uploads\/2024\/11\/Logo-Bioethanol-France-1.svg","width":"1024","height":"1024","caption":"Bio\u00e9thanol France"},"image":{"@id":"https:\/\/bioetha.openetic.com\/en\/#\/schema\/logo\/image\/"}}]}},"_links":{"self":[{"href":"https:\/\/bioetha.openetic.com\/en\/wp-json\/wp\/v2\/pages\/27584912","targetHints":{"allow":["GET"]}}],"collection":[{"href":"https:\/\/bioetha.openetic.com\/en\/wp-json\/wp\/v2\/pages"}],"about":[{"href":"https:\/\/bioetha.openetic.com\/en\/wp-json\/wp\/v2\/types\/page"}],"author":[{"embeddable":true,"href":"https:\/\/bioetha.openetic.com\/en\/wp-json\/wp\/v2\/users\/1"}],"replies":[{"embeddable":true,"href":"https:\/\/bioetha.openetic.com\/en\/wp-json\/wp\/v2\/comments?post=27584912"}],"version-history":[{"count":2,"href":"https:\/\/bioetha.openetic.com\/en\/wp-json\/wp\/v2\/pages\/27584912\/revisions"}],"predecessor-version":[{"id":27584914,"href":"https:\/\/bioetha.openetic.com\/en\/wp-json\/wp\/v2\/pages\/27584912\/revisions\/27584914"}],"wp:attachment":[{"href":"https:\/\/bioetha.openetic.com\/en\/wp-json\/wp\/v2\/media?parent=27584912"}],"curies":[{"name":"wp","href":"https:\/\/api.w.org\/{rel}","templated":true}]}}