{"id":27584893,"date":"2025-07-14T09:14:00","date_gmt":"2025-07-14T09:14:00","guid":{"rendered":"https:\/\/www.bioethanolfrance.fr\/agricultural-alcohol-an-industry-of-excellence\/"},"modified":"2025-11-21T12:32:53","modified_gmt":"2025-11-21T12:32:53","slug":"agricultural-alcohol-an-industry-of-excellence","status":"publish","type":"page","link":"https:\/\/bioetha.openetic.com\/en\/agricultural-alcohol-an-industry-of-excellence\/","title":{"rendered":"Agricultural alcohol, an industry of excellence"},"content":{"rendered":"<p>[et_pb_section fb_built=&#8221;1&#8243; admin_label=&#8221;Header&#8221; _builder_version=&#8221;4.27.4&#8243; _module_preset=&#8221;default&#8221; background_image=&#8221;https:\/\/www.bioethanolfrance.fr\/wp-content\/uploads\/2025\/07\/Bioethanol-France-Alcool-Agricole-Filiere-Excellence-72-scaled.jpg&#8221; parallax=&#8221;on&#8221; width=&#8221;100%&#8221; module_alignment=&#8221;center&#8221; min_height=&#8221;500px&#8221; min_height_tablet=&#8221;450px&#8221; min_height_phone=&#8221;400px&#8221; min_height_last_edited=&#8221;on|phone&#8221; custom_padding=&#8221;||||false|false&#8221; custom_css_main_element=&#8221;display: flex;&#8221; border_radii=&#8221;on|0px|0px|0px|0px&#8221; collapsed=&#8221;off&#8221; global_colors_info=&#8221;{}&#8221;][et_pb_row _builder_version=&#8221;4.27.4&#8243; _module_preset=&#8221;default&#8221; custom_margin=&#8221;||0px||false|false&#8221; global_colors_info=&#8221;{}&#8221;][et_pb_column type=&#8221;4_4&#8243; _builder_version=&#8221;4.22.0&#8243; _module_preset=&#8221;default&#8221; global_colors_info=&#8221;{}&#8221;][et_pb_text module_class=&#8221;highlight-title&#8221; _builder_version=&#8221;4.27.4&#8243; _module_preset=&#8221;default&#8221; header_font=&#8221;&#8211;et_global_heading_font|700|||||||&#8221; header_text_color=&#8221;#003A7A&#8221; hover_enabled=&#8221;0&#8243; global_colors_info=&#8221;{}&#8221; sticky_enabled=&#8221;0&#8243;]<\/p>\n<h1>AGRICULTURAL ALCOHOL, AN INDUSTRY OF EXCELLENCE<\/h1>\n<p>[\/et_pb_text][\/et_pb_column][\/et_pb_row][\/et_pb_section][et_pb_section fb_built=&#8221;1&#8243; admin_label=&#8221;About&#8221; _builder_version=&#8221;4.27.4&#8243; _module_preset=&#8221;default&#8221; collapsed=&#8221;off&#8221; global_colors_info=&#8221;{}&#8221;][et_pb_row column_structure=&#8221;3_5,2_5&#8243; _builder_version=&#8221;4.27.4&#8243; _module_preset=&#8221;default&#8221; global_colors_info=&#8221;{}&#8221;][et_pb_column type=&#8221;3_5&#8243; _builder_version=&#8221;4.22.0&#8243; _module_preset=&#8221;default&#8221; global_colors_info=&#8221;{}&#8221;][et_pb_text admin_label=&#8221;Titre : Une richesse issue des plantes&#8221; _builder_version=&#8221;4.27.4&#8243; _module_preset=&#8221;11e2b386-4402-4d36-87c2-9ef94ce1fdba&#8221; text_font=&#8221;GOTHAM-BOLD|800|||||||&#8221; text_text_color=&#8221;#003A7A&#8221; text_font_size=&#8221;32px&#8221; header_font=&#8221;|700|||||||&#8221; header_2_font=&#8221;GOTHAM-BOLD|700|||||||&#8221; header_2_text_color=&#8221;#003A7A&#8221; header_2_font_size=&#8221;38px&#8221; header_font_tablet=&#8221;|700|||||||&#8221; header_font_phone=&#8221;|700|||||||&#8221; header_font_last_edited=&#8221;on|phone&#8221; header_2_font_size_phone=&#8221;32px&#8221; global_colors_info=&#8221;{}&#8221;]<\/p>\n<h2>A rich, plant-based resource<\/h2>\n<p>[\/et_pb_text][et_pb_text admin_label=&#8221;Description&#8221; _builder_version=&#8221;4.27.4&#8243; _module_preset=&#8221;default&#8221; text_text_color=&#8221;#474747&#8243; global_colors_info=&#8221;{}&#8221;]<\/p>\n<p>Ethyl alcohol, or ethanol, is an organic molecule derived from the alcoholic fermentation of plant-based materials, such as cereal or sugar beet.<\/p>\n<p>Used for more than 4,000 years in fermented beverages, ethyl alcohol was already known by ancient civilisations, including those of the pharaohs. Production has since evolved from artisanal production to a modern, innovative industry committed to sustainability.<\/p>\n<p>Agricultural alcohol is derived from renewable plant-based resources, and plays a key role in the circular economy. Il combine performances \u00e9conomiques et respect de l\u2019environnement tout en r\u00e9pondant aux besoins d\u2019un march\u00e9 mondial en constante \u00e9volution.<\/p>\n<p>[\/et_pb_text][\/et_pb_column][et_pb_column type=&#8221;2_5&#8243; _builder_version=&#8221;4.22.0&#8243; _module_preset=&#8221;default&#8221; global_colors_info=&#8221;{}&#8221;][dipi_image_mask image=&#8221;https:\/\/www.bioethanolfrance.fr\/wp-content\/uploads\/2025\/07\/Betterave-Sucriere-Alcool-Agricole-Bioethanol.jpg&#8221; shape=&#8221;Shape6&#8243; layer_2_enable=&#8221;on&#8221; docration_element_1=&#8221;DottedShape&#8221; layer_2_above_image=&#8221;off&#8221; layer_2_background_color=&#8221;#00E88C&#8221; layer_2_vert=&#8221;-8%&#8221; _builder_version=&#8221;4.27.4&#8243; _module_preset=&#8221;default&#8221; custom_margin=&#8221;||-25%||false|false&#8221; custom_margin_tablet=&#8221;||-10%||false|false&#8221; custom_margin_phone=&#8221;||-10%||false|false&#8221; custom_margin_last_edited=&#8221;on|phone&#8221; global_colors_info=&#8221;{}&#8221;][\/dipi_image_mask][\/et_pb_column][\/et_pb_row][et_pb_row _builder_version=&#8221;4.27.4&#8243; _module_preset=&#8221;default&#8221; global_colors_info=&#8221;{}&#8221;][et_pb_column type=&#8221;4_4&#8243; _builder_version=&#8221;4.22.0&#8243; _module_preset=&#8221;default&#8221; global_colors_info=&#8221;{}&#8221;][et_pb_text admin_label=&#8221;Titre : Exploiter les synergies du v\u00e9g\u00e9tal &#8221; _builder_version=&#8221;4.27.4&#8243; _module_preset=&#8221;11e2b386-4402-4d36-87c2-9ef94ce1fdba&#8221; text_font=&#8221;GOTHAM-BOLD|800|||||||&#8221; text_text_color=&#8221;#003A7A&#8221; text_font_size=&#8221;32px&#8221; header_font=&#8221;|700|||||||&#8221; header_2_font=&#8221;GOTHAM-BOLD|700|||||||&#8221; header_2_text_color=&#8221;#003A7A&#8221; header_2_font_size=&#8221;38px&#8221; header_2_font_tablet=&#8221;GOTHAM-BOLD|700|||||||&#8221; header_2_font_phone=&#8221;GOTHAM-BOLD|700|||||||&#8221; header_2_font_last_edited=&#8221;on|phone&#8221; header_2_font_size_phone=&#8221;32px&#8221; global_colors_info=&#8221;{}&#8221;]<\/p>\n<h2>Harnessing the synergy of plants<\/h2>\n<p>[\/et_pb_text][\/et_pb_column][\/et_pb_row][et_pb_row column_structure=&#8221;2_5,3_5&#8243; admin_label=&#8221;Ligne&#8221; _builder_version=&#8221;4.27.4&#8243; _module_preset=&#8221;default&#8221; custom_css_main_element=&#8221;display:flex;||flex-wrap:wrap;&#8221; global_colors_info=&#8221;{}&#8221;][et_pb_column type=&#8221;2_5&#8243; _builder_version=&#8221;4.27.4&#8243; _module_preset=&#8221;default&#8221; global_colors_info=&#8221;{}&#8221; custom_css_main_element_last_edited=&#8221;on|phone&#8221; custom_css_main_element_phone=&#8221;order:2;&#8221;][dipi_image_mask image=&#8221;https:\/\/www.bioethanolfrance.fr\/wp-content\/uploads\/2025\/07\/Bioethanol-France-Alcool-Agricole-Securite-Alimentaire-72.jpg&#8221; shape=&#8221;Shape4&#8243; image_width=&#8221;110%&#8221; layer_2_enable=&#8221;on&#8221; docration_element_1=&#8221;DottedShape&#8221; layer_2_above_image=&#8221;off&#8221; layer_2_background_color=&#8221;#00E88C&#8221; layer_2_vert=&#8221;-8%&#8221; _builder_version=&#8221;4.27.4&#8243; _module_preset=&#8221;default&#8221; custom_margin=&#8221;||-30%||false|false&#8221; custom_margin_tablet=&#8221;||||false|false&#8221; custom_margin_phone=&#8221;20%||||false|false&#8221; custom_margin_last_edited=&#8221;on|phone&#8221; global_colors_info=&#8221;{}&#8221;][\/dipi_image_mask][\/et_pb_column][et_pb_column type=&#8221;3_5&#8243; _builder_version=&#8221;4.27.4&#8243; _module_preset=&#8221;default&#8221; custom_css_main_element=&#8221;order:1;&#8221; global_colors_info=&#8221;{}&#8221;][et_pb_text admin_label=&#8221;Contribuer \u00e0 la s\u00e9curit\u00e9 alimentaire&#8221; _builder_version=&#8221;4.27.4&#8243; _module_preset=&#8221;default&#8221; text_text_color=&#8221;#474747&#8243; global_colors_info=&#8221;{}&#8221;]<\/p>\n<h3>Supporting food security<\/h3>\n<p>Producing agricultural alcohol also means capitalising on crops while preserving food security One of the great things about plants is that crops grown for food can also have other uses, such as energy production.<\/p>\n<p>In the event of a major food crisis, some of the resources allocated to bioethanol production can be used as a back-up food supply. In the event of a major food crisis, some of the resources allocated to bioethanol production can be used as a back-up food supply.<\/p>\n<p>Ethanol by-products are also used in animal feed, such as fibre-rich beet pulp and protein-rich distiller grains of high nutritional value. These can replace soybean meal imported from<br \/>areas at risk of deforestation. This contributes to the efficient, sustainable management of farming resources. This contributes to the efficient, sustainable management of farming resources.<\/p>\n<p>[\/et_pb_text][\/et_pb_column][\/et_pb_row][et_pb_row column_structure=&#8221;3_5,2_5&#8243; _builder_version=&#8221;4.27.4&#8243; _module_preset=&#8221;default&#8221; global_colors_info=&#8221;{}&#8221;][et_pb_column type=&#8221;3_5&#8243; _builder_version=&#8221;4.22.0&#8243; _module_preset=&#8221;default&#8221; global_colors_info=&#8221;{}&#8221;][et_pb_text admin_label=&#8221;Des distilleries optimis\u00e9es en \u00e9nergie&#8221; _builder_version=&#8221;4.27.4&#8243; _module_preset=&#8221;default&#8221; text_text_color=&#8221;#474747&#8243; global_colors_info=&#8221;{}&#8221;]<\/p>\n<h3>Energy-optimised distilleries<\/h3>\n<p>Manufacturing processes implemented in the agricultural alcohol industry are fully optimised.L\u2019industrie de l\u2019alcool agricole repose sur une optimisation compl\u00e8te des processus de production. Heat generated during distillation can, for example, be used to dry by-products, thus reducing energy consumption.<\/p>\n<p>n can, for example, be used to dry by-products, thus reducing energy consumption. This optimised management enhances the agricultural industries\u2019 competitive edge while slashing their environmental footprint. Depending on local conditions, beet pulp can contribute to energy production (methanation or combustion).<\/p>\n<p>[\/et_pb_text][\/et_pb_column][et_pb_column type=&#8221;2_5&#8243; _builder_version=&#8221;4.22.0&#8243; _module_preset=&#8221;default&#8221; global_colors_info=&#8221;{}&#8221;][dipi_image_mask image=&#8221;https:\/\/www.bioethanolfrance.fr\/wp-content\/uploads\/2025\/07\/Bioethanol-France-Alcool-Agricole-Energie-72.jpg&#8221; shape=&#8221;Shape6&#8243; shape_rotate=&#8221;32deg&#8221; shape_flip=&#8221;horizontal&#8221; image_width=&#8221;140%&#8221; layer_2_enable=&#8221;on&#8221; docration_element_1=&#8221;DottedShape&#8221; layer_2_above_image=&#8221;off&#8221; layer_2_background_color=&#8221;#00E88C&#8221; layer_2_vert=&#8221;-8%&#8221; _builder_version=&#8221;4.27.4&#8243; _module_preset=&#8221;default&#8221; custom_margin=&#8221;-20%||-10%||false|false&#8221; custom_margin_tablet=&#8221;0%||-10%||false|false&#8221; custom_margin_phone=&#8221;0%||-10%||false|false&#8221; custom_margin_last_edited=&#8221;on|desktop&#8221; global_colors_info=&#8221;{}&#8221;][\/dipi_image_mask][\/et_pb_column][\/et_pb_row][et_pb_row column_structure=&#8221;2_5,3_5&#8243; _builder_version=&#8221;4.27.4&#8243; _module_preset=&#8221;default&#8221; custom_css_main_element=&#8221;display:flex;||flex-wrap:wrap;&#8221; global_colors_info=&#8221;{}&#8221; custom_css_main_element_last_edited=&#8221;off|phone&#8221;][et_pb_column type=&#8221;2_5&#8243; _builder_version=&#8221;4.27.4&#8243; _module_preset=&#8221;default&#8221; global_colors_info=&#8221;{}&#8221; custom_css_main_element_last_edited=&#8221;on|phone&#8221; custom_css_main_element_phone=&#8221;order:2;&#8221;][dipi_image_mask image=&#8221;https:\/\/www.bioethanolfrance.fr\/wp-content\/uploads\/2025\/07\/Bioethanol-France-Alcool-Agricole-Alimentation-Animale-72.jpg&#8221; shape=&#8221;Shape4&#8243; image_width=&#8221;110%&#8221; layer_2_enable=&#8221;on&#8221; docration_element_1=&#8221;DottedShape&#8221; layer_2_above_image=&#8221;off&#8221; layer_2_background_color=&#8221;#00E88C&#8221; layer_2_vert=&#8221;-8%&#8221; _builder_version=&#8221;4.27.4&#8243; _module_preset=&#8221;default&#8221; custom_margin=&#8221;||-30%||false|false&#8221; custom_margin_tablet=&#8221;||-30%||false|false&#8221; custom_margin_phone=&#8221;30px||||false|false&#8221; custom_margin_last_edited=&#8221;on|desktop&#8221; global_colors_info=&#8221;{}&#8221; custom_css_main_element_last_edited=&#8221;on|phone&#8221;][\/dipi_image_mask][\/et_pb_column][et_pb_column type=&#8221;3_5&#8243; _builder_version=&#8221;4.27.4&#8243; _module_preset=&#8221;default&#8221; global_colors_info=&#8221;{}&#8221; custom_css_main_element_last_edited=&#8221;on|phone&#8221; custom_css_main_element_phone=&#8221;order:1;&#8221;][et_pb_text admin_label=&#8221;Sucreries et amidonneries, et alimentation animale&#8221; _builder_version=&#8221;4.27.4&#8243; _module_preset=&#8221;default&#8221; text_text_color=&#8221;#474747&#8243; custom_margin_tablet=&#8221;&#8221; custom_margin_phone=&#8221;&#8221; custom_margin_last_edited=&#8221;on|desktop&#8221; global_colors_info=&#8221;{}&#8221; custom_css_main_element_last_edited=&#8221;on|phone&#8221;]<\/p>\n<h3>Ethanol by-products are also used in animal feed, such as fibre-rich beet pulp and protein-rich distiller grains of high nutritional value. These can replace soybean meal imported from<br \/>areas at risk of deforestation. This contributes to the efficient, sustainable management of farming resources.<\/h3>\n<p>Les sucreries et amidonneries sont au c\u0153ur de cette fili\u00e8re. They process raw materials rich in sugars (sugar beets) or starch (wheat, corn) into products intended for food and industry, notably agricultural alcohol, which enables the valorization of their co-products, residues, and waste.<\/p>\n<p>Factories that process wheat or corn directly generate the same tonnage of high-protein animal feed as they do ethanol. All distilleries generate as much biogenic CO\u2082 as they do alcohol.<\/p>\n<p><\/p>\n<p>[\/et_pb_text][\/et_pb_column][\/et_pb_row][\/et_pb_section]<\/p>\n","protected":false},"excerpt":{"rendered":"<p>AGRICULTURAL ALCOHOL, AN INDUSTRY OF EXCELLENCEA rich, plant-based resourceEthyl alcohol, or ethanol, is an organic molecule derived from the alcoholic fermentation of plant-based materials, such as cereal or sugar beet. Used for more than 4,000 years in fermented beverages, ethyl alcohol was already known by ancient civilisations, including those of the pharaohs. Production has since [&hellip;]<\/p>\n","protected":false},"author":1,"featured_media":0,"parent":0,"menu_order":0,"comment_status":"closed","ping_status":"closed","template":"","meta":{"_acf_changed":false,"_et_pb_use_builder":"on","_et_pb_old_content":"","_et_gb_content_width":"","footnotes":""},"class_list":["post-27584893","page","type-page","status-publish","hentry"],"acf":[],"yoast_head":"<!-- This site is optimized with the Yoast SEO plugin v25.8 - https:\/\/yoast.com\/wordpress\/plugins\/seo\/ -->\n<title>Agricultural alcohol, an industry of excellence - Bio\u00e9thanol France<\/title>\n<meta name=\"robots\" content=\"index, follow, max-snippet:-1, max-image-preview:large, max-video-preview:-1\" \/>\n<link rel=\"canonical\" href=\"https:\/\/bioetha.openetic.com\/en\/agricultural-alcohol-an-industry-of-excellence\/\" \/>\n<meta property=\"og:locale\" content=\"en_US\" \/>\n<meta property=\"og:type\" content=\"article\" \/>\n<meta property=\"og:title\" content=\"Agricultural alcohol, an industry of excellence - Bio\u00e9thanol France\" \/>\n<meta property=\"og:description\" content=\"AGRICULTURAL ALCOHOL, AN INDUSTRY OF EXCELLENCEA rich, plant-based resourceEthyl alcohol, or ethanol, is an organic molecule derived from the alcoholic fermentation of plant-based materials, such as cereal or sugar beet. Used for more than 4,000 years in fermented beverages, ethyl alcohol was already known by ancient civilisations, including those of the pharaohs. Production has since [&hellip;]\" \/>\n<meta property=\"og:url\" content=\"https:\/\/bioetha.openetic.com\/en\/agricultural-alcohol-an-industry-of-excellence\/\" \/>\n<meta property=\"og:site_name\" content=\"Bio\u00e9thanol France\" \/>\n<meta property=\"article:modified_time\" content=\"2025-11-21T12:32:53+00:00\" \/>\n<meta name=\"twitter:card\" content=\"summary_large_image\" \/>\n<meta name=\"twitter:label1\" content=\"Est. reading time\" \/>\n\t<meta name=\"twitter:data1\" content=\"7 minutes\" \/>\n<script type=\"application\/ld+json\" class=\"yoast-schema-graph\">{\"@context\":\"https:\/\/schema.org\",\"@graph\":[{\"@type\":\"WebPage\",\"@id\":\"https:\/\/bioetha.openetic.com\/en\/agricultural-alcohol-an-industry-of-excellence\/\",\"url\":\"https:\/\/bioetha.openetic.com\/en\/agricultural-alcohol-an-industry-of-excellence\/\",\"name\":\"Agricultural alcohol, an industry of excellence - Bio\u00e9thanol France\",\"isPartOf\":{\"@id\":\"https:\/\/bioetha.openetic.com\/en\/#website\"},\"datePublished\":\"2025-07-14T09:14:00+00:00\",\"dateModified\":\"2025-11-21T12:32:53+00:00\",\"breadcrumb\":{\"@id\":\"https:\/\/bioetha.openetic.com\/en\/agricultural-alcohol-an-industry-of-excellence\/#breadcrumb\"},\"inLanguage\":\"en-US\",\"potentialAction\":[{\"@type\":\"ReadAction\",\"target\":[\"https:\/\/bioetha.openetic.com\/en\/agricultural-alcohol-an-industry-of-excellence\/\"]}]},{\"@type\":\"BreadcrumbList\",\"@id\":\"https:\/\/bioetha.openetic.com\/en\/agricultural-alcohol-an-industry-of-excellence\/#breadcrumb\",\"itemListElement\":[{\"@type\":\"ListItem\",\"position\":1,\"name\":\"Accueil\",\"item\":\"https:\/\/bioetha.openetic.com\/en\/\"},{\"@type\":\"ListItem\",\"position\":2,\"name\":\"Agricultural alcohol, an industry of excellence\"}]},{\"@type\":\"WebSite\",\"@id\":\"https:\/\/bioetha.openetic.com\/en\/#website\",\"url\":\"https:\/\/bioetha.openetic.com\/en\/\",\"name\":\"Bio\u00e9thanol France\",\"description\":\"Activer les synergies du v\u00e9g\u00e9tal\",\"publisher\":{\"@id\":\"https:\/\/bioetha.openetic.com\/en\/#organization\"},\"potentialAction\":[{\"@type\":\"SearchAction\",\"target\":{\"@type\":\"EntryPoint\",\"urlTemplate\":\"https:\/\/bioetha.openetic.com\/en\/?s={search_term_string}\"},\"query-input\":{\"@type\":\"PropertyValueSpecification\",\"valueRequired\":true,\"valueName\":\"search_term_string\"}}],\"inLanguage\":\"en-US\"},{\"@type\":\"Organization\",\"@id\":\"https:\/\/bioetha.openetic.com\/en\/#organization\",\"name\":\"Bio\u00e9thanol France\",\"url\":\"https:\/\/bioetha.openetic.com\/en\/\",\"logo\":{\"@type\":\"ImageObject\",\"inLanguage\":\"en-US\",\"@id\":\"https:\/\/bioetha.openetic.com\/en\/#\/schema\/logo\/image\/\",\"url\":\"https:\/\/www.bioethanolfrance.fr\/wp-content\/uploads\/2024\/11\/Logo-Bioethanol-France-1.svg\",\"contentUrl\":\"https:\/\/www.bioethanolfrance.fr\/wp-content\/uploads\/2024\/11\/Logo-Bioethanol-France-1.svg\",\"width\":\"1024\",\"height\":\"1024\",\"caption\":\"Bio\u00e9thanol France\"},\"image\":{\"@id\":\"https:\/\/bioetha.openetic.com\/en\/#\/schema\/logo\/image\/\"}}]}<\/script>\n<!-- \/ Yoast SEO plugin. -->","yoast_head_json":{"title":"Agricultural alcohol, an industry of excellence - Bio\u00e9thanol France","robots":{"index":"index","follow":"follow","max-snippet":"max-snippet:-1","max-image-preview":"max-image-preview:large","max-video-preview":"max-video-preview:-1"},"canonical":"https:\/\/bioetha.openetic.com\/en\/agricultural-alcohol-an-industry-of-excellence\/","og_locale":"en_US","og_type":"article","og_title":"Agricultural alcohol, an industry of excellence - Bio\u00e9thanol France","og_description":"AGRICULTURAL ALCOHOL, AN INDUSTRY OF EXCELLENCEA rich, plant-based resourceEthyl alcohol, or ethanol, is an organic molecule derived from the alcoholic fermentation of plant-based materials, such as cereal or sugar beet. Used for more than 4,000 years in fermented beverages, ethyl alcohol was already known by ancient civilisations, including those of the pharaohs. Production has since [&hellip;]","og_url":"https:\/\/bioetha.openetic.com\/en\/agricultural-alcohol-an-industry-of-excellence\/","og_site_name":"Bio\u00e9thanol France","article_modified_time":"2025-11-21T12:32:53+00:00","twitter_card":"summary_large_image","twitter_misc":{"Est. reading time":"7 minutes"},"schema":{"@context":"https:\/\/schema.org","@graph":[{"@type":"WebPage","@id":"https:\/\/bioetha.openetic.com\/en\/agricultural-alcohol-an-industry-of-excellence\/","url":"https:\/\/bioetha.openetic.com\/en\/agricultural-alcohol-an-industry-of-excellence\/","name":"Agricultural alcohol, an industry of excellence - Bio\u00e9thanol France","isPartOf":{"@id":"https:\/\/bioetha.openetic.com\/en\/#website"},"datePublished":"2025-07-14T09:14:00+00:00","dateModified":"2025-11-21T12:32:53+00:00","breadcrumb":{"@id":"https:\/\/bioetha.openetic.com\/en\/agricultural-alcohol-an-industry-of-excellence\/#breadcrumb"},"inLanguage":"en-US","potentialAction":[{"@type":"ReadAction","target":["https:\/\/bioetha.openetic.com\/en\/agricultural-alcohol-an-industry-of-excellence\/"]}]},{"@type":"BreadcrumbList","@id":"https:\/\/bioetha.openetic.com\/en\/agricultural-alcohol-an-industry-of-excellence\/#breadcrumb","itemListElement":[{"@type":"ListItem","position":1,"name":"Accueil","item":"https:\/\/bioetha.openetic.com\/en\/"},{"@type":"ListItem","position":2,"name":"Agricultural alcohol, an industry of excellence"}]},{"@type":"WebSite","@id":"https:\/\/bioetha.openetic.com\/en\/#website","url":"https:\/\/bioetha.openetic.com\/en\/","name":"Bio\u00e9thanol France","description":"Activer les synergies du v\u00e9g\u00e9tal","publisher":{"@id":"https:\/\/bioetha.openetic.com\/en\/#organization"},"potentialAction":[{"@type":"SearchAction","target":{"@type":"EntryPoint","urlTemplate":"https:\/\/bioetha.openetic.com\/en\/?s={search_term_string}"},"query-input":{"@type":"PropertyValueSpecification","valueRequired":true,"valueName":"search_term_string"}}],"inLanguage":"en-US"},{"@type":"Organization","@id":"https:\/\/bioetha.openetic.com\/en\/#organization","name":"Bio\u00e9thanol France","url":"https:\/\/bioetha.openetic.com\/en\/","logo":{"@type":"ImageObject","inLanguage":"en-US","@id":"https:\/\/bioetha.openetic.com\/en\/#\/schema\/logo\/image\/","url":"https:\/\/www.bioethanolfrance.fr\/wp-content\/uploads\/2024\/11\/Logo-Bioethanol-France-1.svg","contentUrl":"https:\/\/www.bioethanolfrance.fr\/wp-content\/uploads\/2024\/11\/Logo-Bioethanol-France-1.svg","width":"1024","height":"1024","caption":"Bio\u00e9thanol France"},"image":{"@id":"https:\/\/bioetha.openetic.com\/en\/#\/schema\/logo\/image\/"}}]}},"_links":{"self":[{"href":"https:\/\/bioetha.openetic.com\/en\/wp-json\/wp\/v2\/pages\/27584893","targetHints":{"allow":["GET"]}}],"collection":[{"href":"https:\/\/bioetha.openetic.com\/en\/wp-json\/wp\/v2\/pages"}],"about":[{"href":"https:\/\/bioetha.openetic.com\/en\/wp-json\/wp\/v2\/types\/page"}],"author":[{"embeddable":true,"href":"https:\/\/bioetha.openetic.com\/en\/wp-json\/wp\/v2\/users\/1"}],"replies":[{"embeddable":true,"href":"https:\/\/bioetha.openetic.com\/en\/wp-json\/wp\/v2\/comments?post=27584893"}],"version-history":[{"count":2,"href":"https:\/\/bioetha.openetic.com\/en\/wp-json\/wp\/v2\/pages\/27584893\/revisions"}],"predecessor-version":[{"id":27584895,"href":"https:\/\/bioetha.openetic.com\/en\/wp-json\/wp\/v2\/pages\/27584893\/revisions\/27584895"}],"wp:attachment":[{"href":"https:\/\/bioetha.openetic.com\/en\/wp-json\/wp\/v2\/media?parent=27584893"}],"curies":[{"name":"wp","href":"https:\/\/api.w.org\/{rel}","templated":true}]}}