{"id":27584883,"date":"2025-07-21T07:13:05","date_gmt":"2025-07-21T07:13:05","guid":{"rendered":"https:\/\/www.bioethanolfrance.fr\/connection\/"},"modified":"2025-07-21T07:13:05","modified_gmt":"2025-07-21T07:13:05","slug":"connection","status":"publish","type":"page","link":"https:\/\/bioetha.openetic.com\/en\/connection\/","title":{"rendered":"Connection"},"content":{"rendered":"\n<div class=\"um um-login um-225\">\n\t<div class=\"um-form\">\n\t\t<form method=\"post\" action=\"\" autocomplete=\"off\">\n\t\t\t<div class=\"um-row _um_row_1 \" style=\"margin: 0 0 30px 0;\"><div class=\"um-col-1\"><div  id=\"um_field_225_username\" class=\"um-field um-field-text  um-field-username um-field-text um-field-type_text\" data-key=\"username\"><div class=\"um-field-label\"><label for=\"username-225\">Identifiant ou e-mail<\/label><div class=\"um-clear\"><\/div><\/div><div class=\"um-field-area\"><input  autocomplete=\"off\" class=\"um-form-field valid \" type=\"text\" name=\"username-225\" id=\"username-225\" value=\"\" placeholder=\"\" data-validate=\"unique_username_or_email\" data-key=\"username\"  aria-invalid=\"false\" \/>\n\n\t\t\t\t\t\t<\/div><\/div><div  id=\"um_field_225_user_password\" class=\"um-field um-field-password  um-field-user_password um-field-password um-field-type_password\" data-key=\"user_password\"><div class=\"um-field-label\"><label for=\"user_password-225\">Mot de passe<\/label><div class=\"um-clear\"><\/div><\/div><div class=\"um-field-area\"><input class=\"um-form-field valid \" type=\"password\" name=\"user_password-225\" id=\"user_password-225\" value=\"\" placeholder=\"\" data-validate=\"\" data-key=\"user_password\"  aria-invalid=\"false\" \/>\n\n\t\t\t\t\t\t\t<\/div><\/div><\/div><\/div>\t<input type=\"hidden\" name=\"form_id\" id=\"form_id_225\" value=\"225\" \/>\n\t\t<p class=\"um_request_name\">\n\t\t<label for=\"um_request_225\">Only fill in if you are not human<\/label>\n\t\t<input type=\"hidden\" name=\"um_request\" id=\"um_request_225\" class=\"input\" value=\"\" size=\"25\" autocomplete=\"off\" \/>\n\t<\/p>\n\t<input type=\"hidden\" name=\"redirect_to\" id=\"redirect_to\" value=\"\/espace-adherent\" \/><input type=\"hidden\" id=\"_wpnonce\" name=\"_wpnonce\" value=\"1da609092a\" \/><input type=\"hidden\" name=\"_wp_http_referer\" value=\"\/en\/wp-json\/wp\/v2\/pages\/27584883\" \/>\n\t<div class=\"um-col-alt\">\n\n\t\t\n\n\t\t\t<div class=\"um-field um-field-c\">\n\t\t\t\t<div class=\"um-field-area\">\n\t\t\t\t\t<label class=\"um-field-checkbox\">\n\t\t\t\t\t\t<input type=\"checkbox\" name=\"rememberme\" value=\"1\"  \/>\n\t\t\t\t\t\t<span class=\"um-field-checkbox-state\"><i class=\"um-icon-android-checkbox-outline-blank\"><\/i><\/span>\n\t\t\t\t\t\t<span class=\"um-field-checkbox-option\"> Keep me signed in<\/span>\n\t\t\t\t\t<\/label>\n\t\t\t\t<\/div>\n\t\t\t<\/div>\n\n\t\t\t\t\t\t<div class=\"um-clear\"><\/div>\n\t\t\n\t\t\t<div class=\"um-center\">\n\t\t\t\t<input type=\"submit\" value=\"Connexion\" class=\"um-button\" id=\"um-submit-btn\" \/>\n\t\t\t<\/div>\n\n\t\t\n\t\t<div class=\"um-clear\"><\/div>\n\n\t<\/div>\n\n\t\t\t<\/form>\n\t<\/div>\n<\/div>\n<style>\n\t\t\t.um-225.um {\n\t\t\tmax-width: 450px;\n\t\t}\n\t\t<\/style>\n\n","protected":false},"excerpt":{"rendered":"","protected":false},"author":1,"featured_media":27253854,"parent":0,"menu_order":0,"comment_status":"closed","ping_status":"closed","template":"","meta":{"_acf_changed":false,"_et_pb_use_builder":"","_et_pb_old_content":"","_et_gb_content_width":"","footnotes":""},"class_list":["post-27584883","page","type-page","status-publish","has-post-thumbnail","hentry"],"acf":[],"yoast_head":"<!-- This site is optimized with the Yoast SEO plugin v25.8 - https:\/\/yoast.com\/wordpress\/plugins\/seo\/ -->\n<title>Connection - Bio\u00e9thanol France<\/title>\n<meta name=\"robots\" content=\"index, follow, max-snippet:-1, max-image-preview:large, max-video-preview:-1\" \/>\n<link rel=\"canonical\" href=\"https:\/\/bioetha.openetic.com\/en\/connection\/\" \/>\n<meta property=\"og:locale\" content=\"en_US\" \/>\n<meta property=\"og:type\" content=\"article\" \/>\n<meta property=\"og:title\" content=\"Connection - Bio\u00e9thanol France\" \/>\n<meta property=\"og:url\" content=\"https:\/\/bioetha.openetic.com\/en\/connection\/\" \/>\n<meta property=\"og:site_name\" content=\"Bio\u00e9thanol France\" \/>\n<meta property=\"og:image\" content=\"https:\/\/bioetha.openetic.com\/wp-content\/uploads\/2025\/07\/Bioethanol-France-Syndicat-72-scaled.jpg\" \/>\n\t<meta property=\"og:image:width\" content=\"2880\" \/>\n\t<meta property=\"og:image:height\" content=\"1919\" \/>\n\t<meta property=\"og:image:type\" content=\"image\/jpeg\" \/>\n<meta name=\"twitter:card\" content=\"summary_large_image\" \/>\n<script type=\"application\/ld+json\" class=\"yoast-schema-graph\">{\"@context\":\"https:\/\/schema.org\",\"@graph\":[{\"@type\":\"WebPage\",\"@id\":\"https:\/\/bioetha.openetic.com\/en\/connection\/\",\"url\":\"https:\/\/bioetha.openetic.com\/en\/connection\/\",\"name\":\"Connection - Bio\u00e9thanol France\",\"isPartOf\":{\"@id\":\"https:\/\/bioetha.openetic.com\/en\/#website\"},\"primaryImageOfPage\":{\"@id\":\"https:\/\/bioetha.openetic.com\/en\/connection\/#primaryimage\"},\"image\":{\"@id\":\"https:\/\/bioetha.openetic.com\/en\/connection\/#primaryimage\"},\"thumbnailUrl\":\"https:\/\/bioetha.openetic.com\/wp-content\/uploads\/2025\/07\/Bioethanol-France-Syndicat-72-scaled.jpg\",\"datePublished\":\"2025-07-21T07:13:05+00:00\",\"breadcrumb\":{\"@id\":\"https:\/\/bioetha.openetic.com\/en\/connection\/#breadcrumb\"},\"inLanguage\":\"en-US\",\"potentialAction\":[{\"@type\":\"ReadAction\",\"target\":[\"https:\/\/bioetha.openetic.com\/en\/connection\/\"]}]},{\"@type\":\"ImageObject\",\"inLanguage\":\"en-US\",\"@id\":\"https:\/\/bioetha.openetic.com\/en\/connection\/#primaryimage\",\"url\":\"https:\/\/bioetha.openetic.com\/wp-content\/uploads\/2025\/07\/Bioethanol-France-Syndicat-72-scaled.jpg\",\"contentUrl\":\"https:\/\/bioetha.openetic.com\/wp-content\/uploads\/2025\/07\/Bioethanol-France-Syndicat-72-scaled.jpg\",\"width\":2880,\"height\":1919,\"caption\":\"Researcher working with blue liquid at separatory funnel in the laboratory\"},{\"@type\":\"BreadcrumbList\",\"@id\":\"https:\/\/bioetha.openetic.com\/en\/connection\/#breadcrumb\",\"itemListElement\":[{\"@type\":\"ListItem\",\"position\":1,\"name\":\"Accueil\",\"item\":\"https:\/\/bioetha.openetic.com\/en\/\"},{\"@type\":\"ListItem\",\"position\":2,\"name\":\"Connection\"}]},{\"@type\":\"WebSite\",\"@id\":\"https:\/\/bioetha.openetic.com\/en\/#website\",\"url\":\"https:\/\/bioetha.openetic.com\/en\/\",\"name\":\"Bio\u00e9thanol France\",\"description\":\"Activer les synergies du v\u00e9g\u00e9tal\",\"publisher\":{\"@id\":\"https:\/\/bioetha.openetic.com\/en\/#organization\"},\"potentialAction\":[{\"@type\":\"SearchAction\",\"target\":{\"@type\":\"EntryPoint\",\"urlTemplate\":\"https:\/\/bioetha.openetic.com\/en\/?s={search_term_string}\"},\"query-input\":{\"@type\":\"PropertyValueSpecification\",\"valueRequired\":true,\"valueName\":\"search_term_string\"}}],\"inLanguage\":\"en-US\"},{\"@type\":\"Organization\",\"@id\":\"https:\/\/bioetha.openetic.com\/en\/#organization\",\"name\":\"Bio\u00e9thanol France\",\"url\":\"https:\/\/bioetha.openetic.com\/en\/\",\"logo\":{\"@type\":\"ImageObject\",\"inLanguage\":\"en-US\",\"@id\":\"https:\/\/bioetha.openetic.com\/en\/#\/schema\/logo\/image\/\",\"url\":\"https:\/\/www.bioethanolfrance.fr\/wp-content\/uploads\/2024\/11\/Logo-Bioethanol-France-1.svg\",\"contentUrl\":\"https:\/\/www.bioethanolfrance.fr\/wp-content\/uploads\/2024\/11\/Logo-Bioethanol-France-1.svg\",\"width\":\"1024\",\"height\":\"1024\",\"caption\":\"Bio\u00e9thanol France\"},\"image\":{\"@id\":\"https:\/\/bioetha.openetic.com\/en\/#\/schema\/logo\/image\/\"}}]}<\/script>\n<!-- \/ Yoast SEO plugin. -->","yoast_head_json":{"title":"Connection - Bio\u00e9thanol France","robots":{"index":"index","follow":"follow","max-snippet":"max-snippet:-1","max-image-preview":"max-image-preview:large","max-video-preview":"max-video-preview:-1"},"canonical":"https:\/\/bioetha.openetic.com\/en\/connection\/","og_locale":"en_US","og_type":"article","og_title":"Connection - Bio\u00e9thanol France","og_url":"https:\/\/bioetha.openetic.com\/en\/connection\/","og_site_name":"Bio\u00e9thanol France","og_image":[{"width":2880,"height":1919,"url":"https:\/\/bioetha.openetic.com\/wp-content\/uploads\/2025\/07\/Bioethanol-France-Syndicat-72-scaled.jpg","type":"image\/jpeg"}],"twitter_card":"summary_large_image","schema":{"@context":"https:\/\/schema.org","@graph":[{"@type":"WebPage","@id":"https:\/\/bioetha.openetic.com\/en\/connection\/","url":"https:\/\/bioetha.openetic.com\/en\/connection\/","name":"Connection - Bio\u00e9thanol France","isPartOf":{"@id":"https:\/\/bioetha.openetic.com\/en\/#website"},"primaryImageOfPage":{"@id":"https:\/\/bioetha.openetic.com\/en\/connection\/#primaryimage"},"image":{"@id":"https:\/\/bioetha.openetic.com\/en\/connection\/#primaryimage"},"thumbnailUrl":"https:\/\/bioetha.openetic.com\/wp-content\/uploads\/2025\/07\/Bioethanol-France-Syndicat-72-scaled.jpg","datePublished":"2025-07-21T07:13:05+00:00","breadcrumb":{"@id":"https:\/\/bioetha.openetic.com\/en\/connection\/#breadcrumb"},"inLanguage":"en-US","potentialAction":[{"@type":"ReadAction","target":["https:\/\/bioetha.openetic.com\/en\/connection\/"]}]},{"@type":"ImageObject","inLanguage":"en-US","@id":"https:\/\/bioetha.openetic.com\/en\/connection\/#primaryimage","url":"https:\/\/bioetha.openetic.com\/wp-content\/uploads\/2025\/07\/Bioethanol-France-Syndicat-72-scaled.jpg","contentUrl":"https:\/\/bioetha.openetic.com\/wp-content\/uploads\/2025\/07\/Bioethanol-France-Syndicat-72-scaled.jpg","width":2880,"height":1919,"caption":"Researcher working with blue liquid at separatory funnel in the laboratory"},{"@type":"BreadcrumbList","@id":"https:\/\/bioetha.openetic.com\/en\/connection\/#breadcrumb","itemListElement":[{"@type":"ListItem","position":1,"name":"Accueil","item":"https:\/\/bioetha.openetic.com\/en\/"},{"@type":"ListItem","position":2,"name":"Connection"}]},{"@type":"WebSite","@id":"https:\/\/bioetha.openetic.com\/en\/#website","url":"https:\/\/bioetha.openetic.com\/en\/","name":"Bio\u00e9thanol France","description":"Activer les synergies du v\u00e9g\u00e9tal","publisher":{"@id":"https:\/\/bioetha.openetic.com\/en\/#organization"},"potentialAction":[{"@type":"SearchAction","target":{"@type":"EntryPoint","urlTemplate":"https:\/\/bioetha.openetic.com\/en\/?s={search_term_string}"},"query-input":{"@type":"PropertyValueSpecification","valueRequired":true,"valueName":"search_term_string"}}],"inLanguage":"en-US"},{"@type":"Organization","@id":"https:\/\/bioetha.openetic.com\/en\/#organization","name":"Bio\u00e9thanol France","url":"https:\/\/bioetha.openetic.com\/en\/","logo":{"@type":"ImageObject","inLanguage":"en-US","@id":"https:\/\/bioetha.openetic.com\/en\/#\/schema\/logo\/image\/","url":"https:\/\/www.bioethanolfrance.fr\/wp-content\/uploads\/2024\/11\/Logo-Bioethanol-France-1.svg","contentUrl":"https:\/\/www.bioethanolfrance.fr\/wp-content\/uploads\/2024\/11\/Logo-Bioethanol-France-1.svg","width":"1024","height":"1024","caption":"Bio\u00e9thanol France"},"image":{"@id":"https:\/\/bioetha.openetic.com\/en\/#\/schema\/logo\/image\/"}}]}},"_links":{"self":[{"href":"https:\/\/bioetha.openetic.com\/en\/wp-json\/wp\/v2\/pages\/27584883","targetHints":{"allow":["GET"]}}],"collection":[{"href":"https:\/\/bioetha.openetic.com\/en\/wp-json\/wp\/v2\/pages"}],"about":[{"href":"https:\/\/bioetha.openetic.com\/en\/wp-json\/wp\/v2\/types\/page"}],"author":[{"embeddable":true,"href":"https:\/\/bioetha.openetic.com\/en\/wp-json\/wp\/v2\/users\/1"}],"replies":[{"embeddable":true,"href":"https:\/\/bioetha.openetic.com\/en\/wp-json\/wp\/v2\/comments?post=27584883"}],"version-history":[{"count":0,"href":"https:\/\/bioetha.openetic.com\/en\/wp-json\/wp\/v2\/pages\/27584883\/revisions"}],"wp:featuredmedia":[{"embeddable":true,"href":"https:\/\/bioetha.openetic.com\/en\/wp-json\/wp\/v2\/media\/27253854"}],"wp:attachment":[{"href":"https:\/\/bioetha.openetic.com\/en\/wp-json\/wp\/v2\/media?parent=27584883"}],"curies":[{"name":"wp","href":"https:\/\/api.w.org\/{rel}","templated":true}]}}